{"id":103,"date":"2025-11-14T14:04:43","date_gmt":"2025-11-14T14:04:43","guid":{"rendered":"https:\/\/www.chiro4health.de\/?page_id=103"},"modified":"2026-01-08T10:45:57","modified_gmt":"2026-01-08T10:45:57","slug":"impressum","status":"publish","type":"page","link":"https:\/\/www.chiro4health.de\/?page_id=103","title":{"rendered":"Impressum"},"content":{"rendered":"<ul style=\"\">\n<li style=\"line-height: 1em;\">                    <span style=\"color: rgb(255, 255, 255) !important; --tcb-applied-color: rgb(255, 255, 255) !important;\">+49 175 4584 923<\/span><\/li>\n<\/ul>\n<ul style=\"\">\n<li style=\"line-height: 1em;\">                    <span style=\"\">info@chiro4health.de<\/span><\/li>\n<\/ul>\n<ul style=\"\">\n<li style=\"line-height: 1em;\"><!--! Font Awesome Free 6.7.1 by @fontawesome - https:\/\/fontawesome.com License - https:\/\/fontawesome.com\/license\/free (Icons: CC BY 4.0, Fonts: SIL OFL 1.1, Code: MIT License) Copyright 2024 Fonticons, Inc. --><span style=\"\"><span>Twieholzkamp 36 &#8211; 31224 Peine<\/span><\/span><\/li>\n<\/ul>\n<p><span><a href=\"https:\/\/www.chiro4health.de\/\"><img decoding=\"async\" alt=\"\" data-id=\"1623\" width=\"140\" data-init-width=\"1015\" height=\"43\" data-init-height=\"313\" title=\"\" src=\"https:\/\/www.chiro4health.de\/wp-content\/uploads\/2025\/11\/ute-dassler-transparent-2.png\" data-width=\"140\" data-height=\"43\" style=\"aspect-ratio: auto 1015 \/ 313;\" loading=\"lazy\" data-link-wrap=\"true\"><\/a><\/span><\/p>\n<p style=\"\"><strong>Impressum<\/strong><\/p>\n<p style=\"color: rgb(255, 255, 255) !important; --tcb-applied-color: rgb(255, 255, 255) !important;\">Angaben nach \u00a75 DDG<\/p>\n<p style=\"text-align: left;\"><strong>chiro4health<\/strong><\/p>\n<p style=\"\"><strong>Angaben<\/strong>Ute Da\u00dflerChiropraktik Peine Ute Da\u00dflerTwieholzkamp 3631224 Peine<strong>Kontakt<\/strong>Telefon: +49 5171 5825756E-Mail: info@chiro4health.de<strong>Aufsichtsbeh\u00f6rde<\/strong>Gesundheitsamt Landkreis Peine,Fachdienst Gesundheitsamt31224 PeineMaschweg 21<a href=\"https:\/\/www.landkreis-peine.de\/index.php?object=tx,3583.1.1&amp;ModID=9&amp;FID=1241.810.1\" target=\"_blank\">https:\/\/www.landkreis-peine.de\/index.php?object=tx,3583.1.1&amp;ModID=9&amp;FID=1241.810.1<\/a><strong>Berufsbezeichnung und berufsrechtliche Regelungen<\/strong>Berufsbezeichnung:HeilpraktikerZust\u00e4ndige Kammer:Zust\u00e4ndige Aufsichtsbeh\u00f6rde:Gesundheitsamt Landkreis Peine, Fachdienst Gesundheitsamt31224 Peine, Maschweg 21Verliehen in: DeutschlandTag der amts\u00e4rztlichen \u00dcberpr\u00fcfung: 13.06.2013Beh\u00f6rdliche Erlaubnis durch Gesundheitsamt in: Salzgitter<strong>Es gelten folgende berufsrechtliche Regelungen:<\/strong>Berufsverbandsmitgliedschaft in:Bund Deutscher Heilpraktiker BDH e.V.,Mitgliedsnummer Berufsverband: 106676,Berufsordnung: Nachzulesen im Internet untereinsehbar unter:&nbsp;<a href=\"https:\/\/www.bdh-online.de\/wp-content\/uploads\/2015\/08\/Berufsordnung-Heilpraktiker_2015_210x297_20150814.pdf\" target=\"_blank\" style=\"outline: none;\">https:\/\/www.bdh-online.de\/wp-content\/uploads\/2015\/08\/Berufsordnung-Heilpraktiker_2015_210x297_20150814.pdf<\/a>Rechtsgrundlage der Heilpraktikert\u00e4tigkeit, Heilpraktikergesetz und Durchf\u00fchrungsverordnung:Nachzulesen im Internet untereinsehbar unter:&nbsp;<a href=\"http:\/\/www.gesetze-im-internet.de\/heilprg\/index.html\" target=\"_blank\">http:\/\/www.gesetze-im-internet.de\/heilprg\/index.html<\/a>sowie einsehbar unter: http:\/\/www.gesetze-im-internet.de\/heilprgdv_1\/index.html<strong>Angaben zur Berufs\u00adhaftpflicht\u00adversicherung<\/strong>Name und Sitz des Versicherers:Servicecenter GewerbeHaftpflicht 2Ruhrallee 9244139 DortmundGeltungsraum der Versicherung:Deutschland<strong>EU-Streitschlichtung<\/strong>Die Europ\u00e4ische Kommission stellt eine Plattform zur Online-Streitbeilegung (OS) bereit: https:\/\/ec.europa.eu\/consumers\/odr\/.Unsere E-Mail-Adresse finden Sie oben im Impressum.<strong>Verbraucher\u00adstreit\u00adbeilegung\/Universal\u00adschlichtungs\u00adstelle<\/strong>Wir sind nicht bereit oder verpflichtet, an Streitbeilegungsverfahren vor einer Verbraucherschlichtungsstelle teilzunehmen.<\/p>\n<p style=\"text-align: center; color: rgb(255, 255, 255) !important; --tcb-applied-color: rgb(255, 255, 255) !important;\">Ruf uns an<\/p>\n<p style=\"color: rgb(255, 255, 255) !important; --tcb-applied-color: rgb(255, 255, 255) !important; text-align: center;\">+49 175 4584 923<\/p>\n<p style=\"text-align: center; color: rgb(255, 255, 255) !important; --tcb-applied-color: rgb(255, 255, 255) !important;\">Schreib uns<\/p>\n<p style=\"color: rgb(255, 255, 255) !important; --tcb-applied-color: rgb(255, 255, 255) !important; text-align: center;\">info@chiro4health.de<\/p>\n<p><!--! Font Awesome Free 6.7.1 by @fontawesome - https:\/\/fontawesome.com License - https:\/\/fontawesome.com\/license\/free (Icons: CC BY 4.0, Fonts: SIL OFL 1.1, Code: MIT License) Copyright 2024 Fonticons, Inc. --><\/p>\n<p style=\"text-align: center; color: rgb(255, 255, 255) !important; --tcb-applied-color: rgb(255, 255, 255) !important;\"><strong>Twieholzkamp 36<\/strong><\/p>\n<p style=\"color: rgb(255, 255, 255) !important; --tcb-applied-color: rgb(255, 255, 255) !important; text-align: center;\">31224 Peine<\/p>\n<p><span style=\"\"><img decoding=\"async\" alt=\"\" data-id=\"1623\" width=\"174\" data-init-width=\"1015\" height=\"54\" data-init-height=\"313\" title=\"ute da\u00dfler transparent\" src=\"https:\/\/www.chiro4health.de\/wp-content\/uploads\/2025\/11\/ute-dassler-transparent-2.png\" data-width=\"174\" data-height=\"54\" style=\"aspect-ratio: auto 1015 \/ 313;\" loading=\"lazy\" mt-d=\"0\" ml-d=\"0\" center-v-d=\"false\"><\/span><\/p>\n<p style=\"text-align: center;\">\u00a9 Alle Rechte vorbehalten.<\/p>\n<p style=\"text-align: center;\"><a href=\"https:\/\/www.chiro4health.de\/?page_id=103\" target=\"_blank\" style=\"outline: none;\">Impressum<\/a> | <a href=\"https:\/\/www.chiro4health.de\/?page_id=112\" target=\"_blank\" style=\"outline: none;\"><span style=\"--tcb-applied-color: rgba(255, 255, 255, 0.7) !important; color: rgba(255, 255, 255, 0.7) !important;\">Datenschutz<\/span><\/a><\/p>\n<p style=\"text-align: right;\">Offizielle Partnerpraxis<\/p>\n<p><span><a href=\"https:\/\/chiroconnect.de\" target=\"_blank\"><img decoding=\"async\" alt=\"\" data-id=\"222\" width=\"116\" data-init-width=\"1982\" height=\"40\" data-init-height=\"680\" title=\"\" loading=\"lazy\" src=\"https:\/\/www.chiro4health.de\/wp-content\/uploads\/2025\/11\/ChiroConnect-SW-2.png\" data-width=\"116\" data-height=\"40\" style=\"aspect-ratio: auto 1982 \/ 680;\" data-link-wrap=\"true\"><\/a><\/span><\/p>\n","protected":false},"excerpt":{"rendered":"<p>+49 175 4584 923 info@chiro4health.de Twieholzkamp 36 &#8211; 31224 Peine Impressum Angaben nach \u00a75 DDG chiro4health AngabenUte Da\u00dflerChiropraktik Peine Ute Da\u00dflerTwieholzkamp 3631224 PeineKontaktTelefon: +49 5171 5825756E-Mail: info@chiro4health.deAufsichtsbeh\u00f6rdeGesundheitsamt Landkreis Peine,Fachdienst Gesundheitsamt31224 PeineMaschweg 21https:\/\/www.landkreis-peine.de\/index.php?object=tx,3583.1.1&amp;ModID=9&amp;FID=1241.810.1Berufsbezeichnung und berufsrechtliche RegelungenBerufsbezeichnung:HeilpraktikerZust\u00e4ndige Kammer:Zust\u00e4ndige Aufsichtsbeh\u00f6rde:Gesundheitsamt Landkreis Peine, Fachdienst Gesundheitsamt31224 Peine, Maschweg 21Verliehen in: DeutschlandTag der amts\u00e4rztlichen \u00dcberpr\u00fcfung: 13.06.2013Beh\u00f6rdliche Erlaubnis durch Gesundheitsamt in: SalzgitterEs [&hellip;]<\/p>\n","protected":false},"author":1,"featured_media":0,"parent":0,"menu_order":7,"comment_status":"closed","ping_status":"closed","template":"","meta":{"footnotes":""},"class_list":["post-103","page","type-page","status-publish","hentry","post-wrapper","thrv_wrapper"],"_links":{"self":[{"href":"https:\/\/www.chiro4health.de\/index.php?rest_route=\/wp\/v2\/pages\/103","targetHints":{"allow":["GET"]}}],"collection":[{"href":"https:\/\/www.chiro4health.de\/index.php?rest_route=\/wp\/v2\/pages"}],"about":[{"href":"https:\/\/www.chiro4health.de\/index.php?rest_route=\/wp\/v2\/types\/page"}],"author":[{"embeddable":true,"href":"https:\/\/www.chiro4health.de\/index.php?rest_route=\/wp\/v2\/users\/1"}],"replies":[{"embeddable":true,"href":"https:\/\/www.chiro4health.de\/index.php?rest_route=%2Fwp%2Fv2%2Fcomments&post=103"}],"version-history":[{"count":6,"href":"https:\/\/www.chiro4health.de\/index.php?rest_route=\/wp\/v2\/pages\/103\/revisions"}],"predecessor-version":[{"id":238,"href":"https:\/\/www.chiro4health.de\/index.php?rest_route=\/wp\/v2\/pages\/103\/revisions\/238"}],"wp:attachment":[{"href":"https:\/\/www.chiro4health.de\/index.php?rest_route=%2Fwp%2Fv2%2Fmedia&parent=103"}],"curies":[{"name":"wp","href":"https:\/\/api.w.org\/{rel}","templated":true}]}}