{"id":70,"date":"2025-11-14T14:02:26","date_gmt":"2025-11-14T14:02:26","guid":{"rendered":"https:\/\/www.chiro4health.de\/?page_id=70"},"modified":"2026-01-30T17:45:43","modified_gmt":"2026-01-30T17:45:43","slug":"chiropraktik","status":"publish","type":"page","link":"https:\/\/www.chiro4health.de\/?page_id=70","title":{"rendered":"Chiropraktik"},"content":{"rendered":"<ul style=\"\">\n<li style=\"line-height: 1em;\">                    <span style=\"color: rgb(255, 255, 255) !important; --tcb-applied-color: rgb(255, 255, 255) !important;\">+49 175 4584 923<\/span><\/li>\n<\/ul>\n<ul style=\"\">\n<li style=\"line-height: 1em;\">                    <span style=\"\">info@chiro4health.de<\/span><\/li>\n<\/ul>\n<ul style=\"\">\n<li style=\"line-height: 1em;\"><!--! Font Awesome Free 6.7.1 by @fontawesome - https:\/\/fontawesome.com License - https:\/\/fontawesome.com\/license\/free (Icons: CC BY 4.0, Fonts: SIL OFL 1.1, Code: MIT License) Copyright 2024 Fonticons, Inc. --><span style=\"\"><span>Twieholzkamp 36 &#8211; 31224 Peine<\/span><\/span><\/li>\n<\/ul>\n<p><span><a href=\"https:\/\/www.chiro4health.de\/\"><img decoding=\"async\" alt=\"\" data-id=\"1623\" width=\"140\" data-init-width=\"1015\" height=\"43\" data-init-height=\"313\" title=\"\" src=\"https:\/\/www.chiro4health.de\/wp-content\/uploads\/2025\/11\/ute-dassler-transparent-1.png\" data-width=\"140\" data-height=\"43\" style=\"aspect-ratio: auto 1015 \/ 313;\" loading=\"lazy\" data-link-wrap=\"true\"><\/a><\/span><\/p>\n<p style=\"\">Chiropraktik<\/p>\n<p style=\"\"><strong>Chiropraktik vereint Wissenschaft, Kunst und Philosophie<\/strong><\/p>\n<p style=\"color: rgb(255, 255, 255) !important; --tcb-applied-color: rgb(255, 255, 255) !important;\">Die ganzheitliche Methode der amerikanischen Chiropraktik zielt darauf ab, deinen k\u00f6rpereigenen Selbstheilungsprozess optimal zu aktivieren.<\/p>\n<p style=\"color: rgb(255, 255, 255) !important; --tcb-applied-color: rgb(255, 255, 255) !important;\"><strong>Vereinbare jetzt deinen Ersttermin und entdecke die Kraft der Chiropraktik:<\/strong><\/p>\n<p style=\"text-align: center;\"><strong>Chiropraktik beruht auf 3 S\u00e4ulen<\/strong><\/p>\n<p><span><img decoding=\"async\" alt=\"\" data-id=\"1835\" width=\"97\" data-init-width=\"400\" height=\"97\" data-init-height=\"400\" title=\"\" loading=\"lazy\" src=\"https:\/\/www.chiro4health.de\/wp-content\/uploads\/2025\/11\/Wissenschaft.png\" data-width=\"97\" data-height=\"97\" style=\"aspect-ratio: auto 400 \/ 400;\"><\/span><\/p>\n<p style=\"text-align: center; color: rgb(0, 0, 0) !important; --tcb-applied-color: rgb(0, 0, 0) !important;\"><strong>Wissenschaft<\/strong><\/p>\n<p style=\"text-align: center;\">Fehlfunktionen im Nervensystem erkennen<\/p>\n<p><span><img decoding=\"async\" alt=\"\" data-id=\"1833\" width=\"97\" data-init-width=\"400\" height=\"97\" data-init-height=\"400\" title=\"\" loading=\"lazy\" src=\"https:\/\/www.chiro4health.de\/wp-content\/uploads\/2025\/11\/Kunst.png\" data-width=\"97\" data-height=\"97\" style=\"aspect-ratio: auto 400 \/ 400;\"><\/span><\/p>\n<p style=\"text-align: center; color: rgb(0, 0, 0) !important; --tcb-applied-color: rgb(0, 0, 0) !important;\"><strong>Kunst<\/strong><\/p>\n<p style=\"text-align: center;\">Fehlfunktionen korrigieren<\/p>\n<p><span><img decoding=\"async\" alt=\"\" data-id=\"1834\" width=\"97\" data-init-width=\"400\" height=\"97\" data-init-height=\"400\" title=\"\" loading=\"lazy\" src=\"https:\/\/www.chiro4health.de\/wp-content\/uploads\/2025\/11\/Philosophie.png\" data-width=\"97\" data-height=\"97\" style=\"aspect-ratio: auto 400 \/ 400;\"><\/span><\/p>\n<p style=\"text-align: center; color: rgb(0, 0, 0) !important; --tcb-applied-color: rgb(0, 0, 0) !important;\"><strong>Philosophie<\/strong><\/p>\n<p style=\"text-align: center;\">Nat\u00fcrlichen Heilungsprozess f\u00f6rdern<\/p>\n<p style=\"text-align: left; color: rgb(0, 0, 0) !important; --tcb-applied-color: rgb(0, 0, 0) !important;\"><strong>Die Wissenschaft<\/strong><\/p>\n<p style=\"text-align: left; color: rgb(0, 0, 0) !important; --tcb-applied-color: rgb(0, 0, 0) !important;\">Fehlfunktionen zu erkennen<\/p>\n<p \"=\"\"Chiropraktik basiert auf fundierten wissenschaftlichen Erkenntnissen \u00fcber das Zusammenspiel von Nervensystem, Wirbels\u00e4ule und Bewegungsapparat. Durch gezielte Untersuchungen - von Haltungsanalysen \u00fcber Gelenkfunktionen bis zu orthop\u00e4dischen und neurologischen Tests - erkennen wir, wo genau im K\u00f6rper es zu Funktionsst\u00f6rungen oder Blockaden kommt. Dieses Verst\u00e4ndnis ist die Grundlage f\u00fcr eine wirksame und individuelle Behandlung.\/p\/div\/div\/divdiv style=\"\"div style=\"\"div style=\"\"div style=\"\"\/divdiv style=\"\"div style=\"\"h1 style=\"text-align: center;\"span style=\"\"Die Wissenschaft\/span\/h1\/divdiv style=\"\"h1 style=\"text-align: center;\"span style=\"\"Fehlfunktionen zu erkennen\/span\/h1\/div\/div\/div\/div\/div\/div\/divdiv style=\"--tcb-col-el-width: 1100;\" id=\"profil\"div style=\"\"div style=\"\"div style=\"\"div style=\"\"p style=\"text-align: left; color: rgb(0, 0, 0) !important; --tcb-applied-color: rgb(0, 0, 0) !important;\"strongDie Kunst\/strong\/p\/divdiv style=\"\"p style=\"text-align: left; color: rgb(0, 0, 0) !important; --tcb-applied-color: rgb(0, 0, 0) !important;\"Fehlfunktionen gezielt zu korrigieren\/p\/divdiv style=\"--tcb-local-color-icon: rgb(61, 113, 161); --tcb-local-color-var: rgb(61, 113, 161);\"p \"=\"\">Chiropraktik ist mehr als Technik &#8211; sie ist pr\u00e4zises Handwerk mit Fingerspitzengef\u00fchl. Mit gezielten, schnellen und in der Regel schmerzfreien Impulsen korrigieren wir blockierte Gelenke, verbessern die Beweglichkeit und aktivieren das Nervensystem. Jeder Griff ist dabei speziell an dich angepasst, denn jeder K\u00f6rper ist individuell.<\/p>\n<h1 style=\"text-align: center;\"><span style=\"\">Die Kunst<\/span><\/h1>\n<h1 style=\"text-align: center;\"><span style=\"\">Fehlfunktionen gezielt zu korrigieren<\/span><\/h1>\n<p style=\"text-align: left; color: rgb(0, 0, 0) !important; --tcb-applied-color: rgb(0, 0, 0) !important;\"><strong>Die Philosophie<\/strong><\/p>\n<p style=\"text-align: left; color: rgb(0, 0, 0) !important; --tcb-applied-color: rgb(0, 0, 0) !important;\">Die Selbstheilung zu aktivieren<\/p>\n<p \"=\"\"Im Zentrum der Chiropraktik steht der Glaube an die nat\u00fcrliche Intelligenz des K\u00f6rpers. Wenn das Nervensystem frei arbeiten kann, ist der K\u00f6rper in der Lage, sich selbst zu regulieren und zu heilen. Unsere Aufgabe ist es, diese Selbstheilungskr\u00e4fte zu unterst\u00fctzen - nicht, den K\u00f6rper zu \u201ereparieren\u201c, sondern ihn wieder in Balance zu bringen.\/p\/div\/div\/divdiv style=\"\"div style=\"\"div style=\"\"div style=\"\"\/divdiv style=\"\"div style=\"\"h1 style=\"text-align: center;\"span style=\"\"Die Philosophie\/span\/h1\/divdiv style=\"\"h1 style=\"text-align: center;\"span style=\"\"Die Selbstheilung zu aktivieren\/span\/h1\/div\/div\/div\/div\/div\/div\/div\/div\/divdiv style=\"--tcb-local-color-icon: rgb(150, 183, 166); --tcb-local-color-var: rgb(150, 183, 166);\"div style=\"color: rgb(150, 183, 166);\" data-clip-id=\"e11d00725972f\"\/divdiv style=\"\"div style=\"\"div\/divdivdiv style=\"--tcb-col-el-width: 1100;\" id=\"profil\"div style=\"\"div style=\"\"div style=\"\"div style=\"\"div\/divdiv style=\"\"div style=\"\"p style=\"text-align: left;\"strongF\u00fcr wen ist die Chiropraktik geeignet?br\/strong\/p\/divdiv style=\"--tcb-local-color-icon: rgb(61, 113, 161); --tcb-local-color-var: rgb(61, 113, 161);\"p \"=\"\" style=\"color: rgb(255, 255, 255) !important; --tcb-applied-color: rgb(255, 255, 255) !important;\">Chiropraktik hilft dem K\u00f6rper, sich selbst zu regulieren &#8211; egal in welchem Alter.<\/p>\n<p \"=\"\" style=\"color: rgb(255, 255, 255) !important; --tcb-applied-color: rgb(255, 255, 255) !important;\"br\/pp \"=\"\" style=\"color: rgb(255, 255, 255) !important; --tcb-applied-color: rgb(255, 255, 255) !important;\">Sie verbessert Beweglichkeit, lindert Schmerzen, st\u00e4rkt das Nervensystem und f\u00f6rdert das allgemeine Wohlbefinden. Ob Kind, Jugendlicher, Erwachsener, Sportler oder Senior: Jeder profitiert davon, wenn der K\u00f6rper im Gleichgewicht ist.<\/p>\n<p><span><img decoding=\"async\" alt=\"\" data-id=\"172\" width=\"45\" data-init-width=\"400\" height=\"45\" data-init-height=\"400\" title=\"\" loading=\"lazy\" src=\"https:\/\/www.chiro4health.de\/wp-content\/uploads\/2025\/11\/8-1.png\" data-width=\"45\" style=\"aspect-ratio: auto 400 \/ 400;\" data-height=\"45\"><\/span><\/p>\n<p style=\"text-align: center; color: rgb(187, 187, 187) !important; --tcb-applied-color: rgb(187, 187, 187) !important;\">Zertifizierte Chiropraktorin, M.Sc.<\/p>\n<p><span><img decoding=\"async\" alt=\"\" data-id=\"173\" width=\"45\" data-init-width=\"400\" height=\"45\" data-init-height=\"400\" title=\"\" loading=\"lazy\" src=\"https:\/\/www.chiro4health.de\/wp-content\/uploads\/2025\/11\/9-1.png\" data-width=\"45\" style=\"aspect-ratio: auto 400 \/ 400;\" data-height=\"45\"><\/span><\/p>\n<p style=\"text-align: center; color: rgb(187, 187, 187) !important; --tcb-applied-color: rgb(187, 187, 187) !important;\">Zeitnahe Termine<\/p>\n<p><span><img decoding=\"async\" alt=\"\" data-id=\"174\" width=\"45\" data-init-width=\"400\" height=\"45\" data-init-height=\"400\" title=\"\" loading=\"lazy\" src=\"https:\/\/www.chiro4health.de\/wp-content\/uploads\/2025\/11\/10.png\" data-width=\"45\" style=\"aspect-ratio: auto 400 \/ 400;\" data-height=\"45\"><\/span><\/p>\n<p style=\"text-align: center;\">Von Patienten empfohlen<\/p>\n<p style=\"text-align: center;\"><strong>Vereinbare jetzt deinen Ersttermin und <\/strong><\/p>\n<p style=\"text-align: center;\"><strong>entdecke die Kraft der Chiropraktik:<\/strong><\/p>\n<p style=\"text-align: left; color: rgb(0, 0, 0) !important; --tcb-applied-color: rgb(0, 0, 0) !important;\"><strong>Nachhaltig statt kurzfristig<\/strong><\/p>\n<p \"=\"\"Chiropraktik bedeutet, den K\u00f6rper nachhaltig in Balance zu bringen und ihn dabei zu unterst\u00fctzen, langfristig gesund und leistungsf\u00e4hig zu bleiben.brbrUnser Nervensystem, die Wirbels\u00e4ule und die gesamte K\u00f6rperstatik brauchen Zeit, um sich an neue, ges\u00fcndere Bewegungsmuster zu gew\u00f6hnen.brbrKurzfristige Behandlungen k\u00f6nnen zwar Symptome lindern, doch ohne kontinuierliche Betreuung kehrt der K\u00f6rper oft wieder in alte Fehlhaltungen zur\u00fcck - genau die Muster, die die Beschwerden urspr\u00fcnglich verursacht haben.\/p\/div\/div\/divdiv style=\"\"div style=\"\"div style=\"\"spanimg alt=\"\" data-id=\"292\" width=\"710\" data-init-width=\"2560\" height=\"314\" data-init-height=\"1131\" title=\"\" loading=\"lazy\" src=\"https:\/\/www.chiro4health.de\/wp-content\/uploads\/2025\/11\/3-Phasen-3348-x-1479-px-scaled-1.webp\" data-width=\"710\" data-height=\"314\" style=\"aspect-ratio: auto 2560 \/ 1131;\"\/span\/div\/div\/div\/div\/divdiv style=\"--tcb-col-el-width: 1100;\"divdivdivdiv style=\"\"span style=\"\"img alt=\"\" data-id=\"66\" width=\"291\" data-init-width=\"1111\" height=\"374\" data-init-height=\"1425\" title=\"045\" loading=\"lazy\" src=\"https:\/\/www.chiro4health.de\/wp-content\/uploads\/2025\/11\/045.jpg\" data-width=\"291\" data-height=\"374\" style=\"aspect-ratio: auto 1111 \/ 1425;\" mt-d=\"-66\" ml-d=\"0\" center-v-d=\"false\"\/span\/div\/div\/divdivdivdiv style=\"\"spanimg alt=\"\" data-id=\"1785\" width=\"264\" data-init-width=\"1581\" height=\"177\" data-init-height=\"1058\" title=\"\" loading=\"lazy\" src=\"https:\/\/www.chiro4health.de\/wp-content\/uploads\/2025\/11\/20221226_113124.mp42022-12-27-20-37-07.908-2-2.jpg\" data-width=\"264\" data-height=\"177\" style=\"aspect-ratio: auto 1581 \/ 1058;\"\/span\/div\/div\/divdivdivdiv style=\"\"spanimg alt=\"\" data-id=\"1752\" width=\"264\" data-init-width=\"2560\" height=\"174\" data-init-height=\"1693\" title=\"\" loading=\"lazy\" src=\"https:\/\/www.chiro4health.de\/wp-content\/uploads\/2025\/11\/017-scaled-2.jpg\" data-width=\"264\" data-height=\"174\" style=\"aspect-ratio: auto 2560 \/ 1693;\"\/span\/div\/div\/divdivdivdiv style=\"\"spanimg alt=\"\" data-id=\"1736\" width=\"264\" data-init-width=\"1972\" height=\"177\" data-init-height=\"1327\" title=\"\" loading=\"lazy\" src=\"https:\/\/www.chiro4health.de\/wp-content\/uploads\/2025\/11\/02-chiropraktik-2a-1.jpg\" data-width=\"264\" data-height=\"177\" style=\"aspect-ratio: auto 1972 \/ 1327;\"\/span\/div\/div\/div\/div\/divdiv style=\"--tcb-col-el-width: 1100;\"divdiv style=\"\"div style=\"\"div style=\"\"p style=\"text-align: left;\"strongChiropraktische Hilfsmittelbr\/strong\/p\/divdiv style=\"\"p style=\"\"Je nach Bedarf werden die Handgriff-Techniken durch spezielle chiropraktische Instrumente erg\u00e4nzt. In unserer Praxis kommen daf\u00fcr die nebenstehenden Hilfsmittel zum Einsatz.\/p\/divdiv style=\"--tcb-col-el-width: 502.5;\"div style=\"\"divdiv\/div\/divdivdiv\/div\/div\/div\/divdiv style=\"--tcb-col-el-width: 502.5;\"div style=\"\"divdiv\/div\/divdivdiv\/div\/div\/div\/div\/div\/divdiv style=\"\"div style=\"\"div style=\"--tcb-col-el-width: 462.5;\"div style=\"\"div style=\"\"divdiv style=\"\"div\/divdivdiv style=\"\"spanimg alt=\"\" data-id=\"1820\" width=\"47\" data-init-width=\"400\" height=\"47\" data-init-height=\"400\" title=\"\" loading=\"lazy\" src=\"https:\/\/www.chiro4health.de\/wp-content\/uploads\/2025\/11\/5.png\" data-width=\"47\" data-height=\"47\" style=\"aspect-ratio: auto 400 \/ 400;\"\/span\/divdiv style=\"\"p style=\"text-align: center; color: rgb(0, 0, 0) !important; --tcb-applied-color: rgb(0, 0, 0) !important;\"strongDrop-Table\/strong\/p\/divdiv style=\"\"p style=\"text-align: center; color: rgb(0, 0, 0) !important; --tcb-applied-color: rgb(0, 0, 0) !important;\"Chiropraktischer Behandlungstisch nach Thompson\/p\/div\/div\/div\/div\/divdivdivdiv style=\"\"div\/divdivdiv style=\"\"spanimg alt=\"\" data-id=\"1832\" width=\"47\" data-init-width=\"400\" height=\"47\" data-init-height=\"400\" title=\"\" loading=\"lazy\" src=\"https:\/\/www.chiro4health.de\/wp-content\/uploads\/2025\/11\/Drop-Piece.png\" data-width=\"47\" data-height=\"47\" style=\"aspect-ratio: auto 400 \/ 400;\"\/span\/divdiv style=\"\"p style=\"text-align: center; color: rgb(0, 0, 0) !important; --tcb-applied-color: rgb(0, 0, 0) !important;\"strongDrop-Piece\/strong\/p\/divdiv style=\"\"p style=\"text-align: center; color: rgb(0, 0, 0) !important; --tcb-applied-color: rgb(0, 0, 0) !important;\"F\u00fcr die sanfte Extremit\u00e4tenbehandlung\/p\/div\/div\/div\/div\/div\/div\/divdiv style=\"--tcb-col-el-width: 462.5;\"div style=\"\"div style=\"\"divdiv style=\"\"div\/divdivdiv style=\"\"spanimg alt=\"\" data-id=\"1830\" width=\"47\" data-init-width=\"400\" height=\"47\" data-init-height=\"400\" title=\"\" loading=\"lazy\" src=\"https:\/\/www.chiro4health.de\/wp-content\/uploads\/2025\/11\/Activator.png\" data-width=\"47\" data-height=\"47\" style=\"aspect-ratio: auto 400 \/ 400;\"\/span\/divdiv style=\"\"p style=\"text-align: center; color: rgb(0, 0, 0) !important; --tcb-applied-color: rgb(0, 0, 0) !important;\"strongActivator\/strong\/p\/divdiv style=\"\"p style=\"text-align: center; color: rgb(0, 0, 0) !important; --tcb-applied-color: rgb(0, 0, 0) !important;\"Ein spezieller mechanischer Impulsgeber\/p\/div\/div\/div\/div\/divdivdivdiv style=\"\"div\/divdivdiv style=\"\"spanimg alt=\"\" data-id=\"1831\" width=\"47\" data-init-width=\"400\" height=\"47\" data-init-height=\"400\" title=\"\" loading=\"lazy\" src=\"https:\/\/www.chiro4health.de\/wp-content\/uploads\/2025\/11\/Arthostim.png\" data-width=\"47\" data-height=\"47\" style=\"aspect-ratio: auto 400 \/ 400;\"\/span\/divdiv style=\"\"p style=\"text-align: center;\"strongArthrostim\/strong\/p\/divdiv style=\"\"p style=\"text-align: center; color: rgb(0, 0, 0) !important; --tcb-applied-color: rgb(0, 0, 0) !important;\"Ein h\u00f6herfrequentes Impulsinstrument\/p\/div\/div\/div\/div\/div\/div\/div\/div\/div\/div\/div\/div\/divdiv style=\"--tcb-local-color-icon: rgb(150, 183, 166); --tcb-local-color-var: rgb(150, 183, 166);\"div style=\"color: rgb(150, 183, 166);\" data-clip-id=\"5cf118f1b25ef8\"\/divdiv style=\"\"div style=\"\"div\/divdivdiv style=\"\"p style=\"text-align: center;\"strongH\u00e4ufig gestellte Fragen\/strong\/p\/divdiv style=\"\"p style=\"color: rgb(255, 255, 255) !important; --tcb-applied-color: rgb(255, 255, 255) !important; text-align: center;\"Du bist dir noch unsicher, ob Chiropraktik das Richtige f\u00fcr dich ist?brOder du m\u00f6chtest einfach wissen, was dich beim ersten Termin erwartet?brbrHier findest du die h\u00e4ufigsten Fragen, die uns Patientinnen und Patienten vorab stellen und unsere Antworten darauf.brOffen, ehrlich und ohne Fachchinesisch, damit du genau wei\u00dft, was dich erwartet.\/p\/div\/div\/div\/div\/divdiv style=\"\"div\/divdiv style=\"\"div style=\"--tcb-col-el-width: 1100;\" id=\"profil\"div style=\"\"div style=\"\"div style=\"\"div style=\"\"p style=\"text-align: left; color: rgb(0, 0, 0) !important; --tcb-applied-color: rgb(0, 0, 0) !important;\"strongHast du noch Fragen?\/strong\/p\/divdiv style=\"--tcb-local-color-icon: rgb(61, 113, 161); --tcb-local-color-var: rgb(61, 113, 161);\"p \"=\"\">Wenn du dir noch unsicher bist, ob die Chiropraktik dir helfen kann oder du generell noch Fragen hast, z\u00f6gere bitte nicht uns anzurufen oder uns eine Nachricht zu schreiben.<\/p>\n<p><span><img decoding=\"async\" alt=\"\" data-id=\"1943\" width=\"710\" data-init-width=\"1524\" height=\"375\" data-init-height=\"806\" title=\"\" loading=\"lazy\" src=\"https:\/\/www.chiro4health.de\/wp-content\/uploads\/2025\/11\/Bildschirmfoto-2025-11-06-um-16.57.23-1.png\" data-width=\"710\" data-height=\"375\" style=\"aspect-ratio: auto 1524 \/ 806;\"><\/span><\/p>\n<p style=\"text-align: center; color: rgb(255, 255, 255) !important; --tcb-applied-color: rgb(255, 255, 255) !important;\">Ruf uns an<\/p>\n<p style=\"text-align: center; color: rgb(255, 255, 255) !important; --tcb-applied-color: rgb(255, 255, 255) !important;\">+49 175 4584 923<\/p>\n<p style=\"text-align: center; color: rgb(255, 255, 255) !important; --tcb-applied-color: rgb(255, 255, 255) !important;\">Schreib uns<\/p>\n<p style=\"text-align: center; color: rgb(255, 255, 255) !important; --tcb-applied-color: rgb(255, 255, 255) !important;\">info@chiro4health.de<\/p>\n<p><!--! Font Awesome Free 6.7.1 by @fontawesome - https:\/\/fontawesome.com License - https:\/\/fontawesome.com\/license\/free (Icons: CC BY 4.0, Fonts: SIL OFL 1.1, Code: MIT License) Copyright 2024 Fonticons, Inc. --><\/p>\n<p style=\"text-align: center; color: rgb(255, 255, 255) !important; --tcb-applied-color: rgb(255, 255, 255) !important;\"><strong>Twieholzkamp 36<\/strong><\/p>\n<p style=\"text-align: center; color: rgb(255, 255, 255) !important; --tcb-applied-color: rgb(255, 255, 255) !important;\">31224 Peine<\/p>\n<p><span style=\"\"><img decoding=\"async\" alt=\"\" data-id=\"1623\" width=\"174\" data-init-width=\"1015\" height=\"54\" data-init-height=\"313\" title=\"\" src=\"https:\/\/www.chiro4health.de\/wp-content\/uploads\/2025\/11\/ute-dassler-transparent-1.png\" data-width=\"174\" data-height=\"54\" style=\"aspect-ratio: auto 1015 \/ 313;\" loading=\"lazy\" mt-d=\"0\" ml-d=\"0\" center-v-d=\"false\"><\/span><\/p>\n<p style=\"text-align: center;\">\u00a9 Alle Rechte vorbehalten.<\/p>\n<p style=\"text-align: center;\"><a href=\"https:\/\/www.chiro4health.de\/?page_id=103\" target=\"_blank\" style=\"outline: none;\">Impressum<\/a> | <a href=\"https:\/\/www.chiro4health.de\/?page_id=112\" target=\"_blank\" style=\"outline: none;\"><span style=\"--tcb-applied-color: rgba(255, 255, 255, 0.7) !important; color: rgba(255, 255, 255, 0.7) !important;\">Datenschutz<\/span><\/a><\/p>\n<p style=\"text-align: right;\">Offizielle Partnerpraxis<\/p>\n<p><span><img decoding=\"async\" alt=\"\" data-id=\"222\" width=\"116\" data-init-width=\"1982\" height=\"40\" data-init-height=\"680\" title=\"\" loading=\"lazy\" src=\"https:\/\/www.chiro4health.de\/wp-content\/uploads\/2025\/11\/ChiroConnect-SW-1.png\" data-width=\"116\" data-height=\"40\" style=\"aspect-ratio: auto 1982 \/ 680;\" data-link-wrap=\"true\"><\/span><\/p>\n","protected":false},"excerpt":{"rendered":"<p>+49 175 4584 923 info@chiro4health.de Twieholzkamp 36 &#8211; 31224 Peine Chiropraktik Chiropraktik vereint Wissenschaft, Kunst und Philosophie Die ganzheitliche Methode der amerikanischen Chiropraktik zielt darauf ab, deinen k\u00f6rpereigenen Selbstheilungsprozess optimal zu aktivieren. Vereinbare jetzt deinen Ersttermin und entdecke die Kraft der Chiropraktik: Chiropraktik beruht auf 3 S\u00e4ulen Wissenschaft Fehlfunktionen im Nervensystem erkennen Kunst Fehlfunktionen korrigieren [&hellip;]<\/p>\n","protected":false},"author":1,"featured_media":0,"parent":0,"menu_order":5,"comment_status":"closed","ping_status":"closed","template":"","meta":{"footnotes":""},"class_list":["post-70","page","type-page","status-publish","hentry","post-wrapper","thrv_wrapper"],"_links":{"self":[{"href":"https:\/\/www.chiro4health.de\/index.php?rest_route=\/wp\/v2\/pages\/70","targetHints":{"allow":["GET"]}}],"collection":[{"href":"https:\/\/www.chiro4health.de\/index.php?rest_route=\/wp\/v2\/pages"}],"about":[{"href":"https:\/\/www.chiro4health.de\/index.php?rest_route=\/wp\/v2\/types\/page"}],"author":[{"embeddable":true,"href":"https:\/\/www.chiro4health.de\/index.php?rest_route=\/wp\/v2\/users\/1"}],"replies":[{"embeddable":true,"href":"https:\/\/www.chiro4health.de\/index.php?rest_route=%2Fwp%2Fv2%2Fcomments&post=70"}],"version-history":[{"count":29,"href":"https:\/\/www.chiro4health.de\/index.php?rest_route=\/wp\/v2\/pages\/70\/revisions"}],"predecessor-version":[{"id":262,"href":"https:\/\/www.chiro4health.de\/index.php?rest_route=\/wp\/v2\/pages\/70\/revisions\/262"}],"wp:attachment":[{"href":"https:\/\/www.chiro4health.de\/index.php?rest_route=%2Fwp%2Fv2%2Fmedia&parent=70"}],"curies":[{"name":"wp","href":"https:\/\/api.w.org\/{rel}","templated":true}]}}